{"id":330,"date":"2025-04-11T10:54:28","date_gmt":"2025-04-11T10:54:28","guid":{"rendered":"http:\/\/www.informedica.es\/?page_id=330"},"modified":"2025-04-11T11:09:14","modified_gmt":"2025-04-11T11:09:14","slug":"elementor-330","status":"publish","type":"page","link":"http:\/\/www.informedica.es\/index.php\/elementor-330\/","title":{"rendered":"CONVOCATORIA JUNTA GENERAL ORDINARIA 2025"},"content":{"rendered":"\t\t<div data-elementor-type=\"wp-page\" data-elementor-id=\"330\" class=\"elementor elementor-330\">\n\t\t\t\t\t\t<div class=\"elementor-inner\">\n\t\t\t\t<div class=\"elementor-section-wrap\">\n\t\t\t\t\t\t\t\t\t<section class=\"elementor-section elementor-top-section elementor-element elementor-element-334b0d6 elementor-section-boxed elementor-section-height-default elementor-section-height-default\" data-id=\"334b0d6\" data-element_type=\"section\">\n\t\t\t\t\t\t<div class=\"elementor-container elementor-column-gap-default\">\n\t\t\t\t\t\t\t<div class=\"elementor-row\">\n\t\t\t\t\t<div class=\"elementor-column elementor-col-100 elementor-top-column elementor-element elementor-element-864fddc\" data-id=\"864fddc\" data-element_type=\"column\">\n\t\t\t<div class=\"elementor-column-wrap elementor-element-populated\">\n\t\t\t\t\t\t\t<div class=\"elementor-widget-wrap\">\n\t\t\t\t\t\t<div class=\"elementor-element elementor-element-7271bfe elementor-widget elementor-widget-text-editor\" data-id=\"7271bfe\" data-element_type=\"widget\" data-widget_type=\"text-editor.default\">\n\t\t\t\t<div class=\"elementor-widget-container\">\n\t\t\t\t\t\t\t\t<div class=\"elementor-text-editor elementor-clearfix\">\n\t\t\t\t<p><strong>INFORM\u00c1TICA Y EQUIPAMIENTO M\u00c9DICO DE CANARIAS, SA<\/strong><\/p><p>CONVOCATORIA JUNTA GENERAL ORDINARIA<\/p><p>El pr\u00f3ximo d\u00eda 26 de junio de 2025, a las nueve horas tendr\u00e1 lugar en el domicilio social, calle los pobres, 85. 38280. Tegueste. La Junta General de accionistas en primera convocatoria y el d\u00eda 27 de junio a la misma hora en segunda convocatoria, con el siguiente<\/p><p>Orden del d\u00eda:<\/p><p>Primero- Aprobaci\u00f3n de las cuentas anuales del ejercicio 2024, cerrado el 31 de diciembre.<\/p><p>Segundo- Aprobaci\u00f3n de la distribuci\u00f3n de resultados del ejercicio 2024, cerrado el 31 de diciembre.<\/p><p>Tercero- Establecimiento de la remuneraci\u00f3n de los miembros del Consejo de Administraci\u00f3n para 2025.<\/p><p>Cuarto- Ruegos y preguntas.<\/p><p>Se hace constar que a partir de esta fecha, cualquier accionista podr\u00e1 examinar en el domicilio social o solicitar la entrega o env\u00edo gratuito e inmediato de la totalidad de los documentos sometidos a la aprobaci\u00f3n de la junta.<\/p><p>Tegueste a 11 de abril de 2025. El Secreario del Consejo. Francisco Mart\u00ednez<\/p>\t\t\t\t\t<\/div>\n\t\t\t\t\t\t<\/div>\n\t\t\t\t<\/div>\n\t\t\t\t\t\t<\/div>\n\t\t\t\t\t<\/div>\n\t\t<\/div>\n\t\t\t\t\t\t\t\t<\/div>\n\t\t\t\t\t<\/div>\n\t\t<\/section>\n\t\t\t\t\t\t\t\t\t<\/div>\n\t\t\t<\/div>\n\t\t\t\t\t<\/div>\n\t\t","protected":false},"excerpt":{"rendered":"<p>INFORM\u00c1TICA Y EQUIPAMIENTO M\u00c9DICO DE CANARIAS, SA CONVOCATORIA JUNTA GENERAL ORDINARIA El pr\u00f3ximo d\u00eda 26 de junio de 2025, a las nueve horas tendr\u00e1 lugar en el domicilio social, calle los pobres, 85. 38280. Tegueste. La Junta General de accionistas en primera convocatoria y el d\u00eda 27 de junio a la misma hora en segunda [&hellip;]<\/p>\n","protected":false},"author":2,"featured_media":0,"parent":0,"menu_order":0,"comment_status":"closed","ping_status":"closed","template":"","meta":{"footnotes":""},"class_list":["post-330","page","type-page","status-publish","hentry"],"_links":{"self":[{"href":"http:\/\/www.informedica.es\/index.php\/wp-json\/wp\/v2\/pages\/330","targetHints":{"allow":["GET"]}}],"collection":[{"href":"http:\/\/www.informedica.es\/index.php\/wp-json\/wp\/v2\/pages"}],"about":[{"href":"http:\/\/www.informedica.es\/index.php\/wp-json\/wp\/v2\/types\/page"}],"author":[{"embeddable":true,"href":"http:\/\/www.informedica.es\/index.php\/wp-json\/wp\/v2\/users\/2"}],"replies":[{"embeddable":true,"href":"http:\/\/www.informedica.es\/index.php\/wp-json\/wp\/v2\/comments?post=330"}],"version-history":[{"count":16,"href":"http:\/\/www.informedica.es\/index.php\/wp-json\/wp\/v2\/pages\/330\/revisions"}],"predecessor-version":[{"id":346,"href":"http:\/\/www.informedica.es\/index.php\/wp-json\/wp\/v2\/pages\/330\/revisions\/346"}],"wp:attachment":[{"href":"http:\/\/www.informedica.es\/index.php\/wp-json\/wp\/v2\/media?parent=330"}],"curies":[{"name":"wp","href":"https:\/\/api.w.org\/{rel}","templated":true}]}}