{"id":251,"date":"2022-05-12T16:12:23","date_gmt":"2022-05-12T16:12:23","guid":{"rendered":"http:\/\/www.informedica.es\/?page_id=251"},"modified":"2022-05-12T16:12:23","modified_gmt":"2022-05-12T16:12:23","slug":"accionistas-convocatoria-junta-2022","status":"publish","type":"page","link":"http:\/\/www.informedica.es\/index.php\/accionistas-convocatoria-junta-2022\/","title":{"rendered":"Accionistas Convocatoria Junta 2022"},"content":{"rendered":"\n<p>INFORM\u00c1TICA Y EQUIPAMIENTO M\u00c9DICO DE CANARIAS, SA<\/p>\n\n\n\n<p>CONVOCATORIA JUNTA GENERAL ORDINARIA<\/p>\n\n\n\n<p>El pr\u00f3ximo d\u00eda 26 de junio de 2022, a las nueve horas tendr\u00e1 lugar en el domicilio social, calle los pobres, 85. 38280. Tegueste. La Junta General de accionistas en primera convocatoria y el d\u00eda 27 de junio a la misma hora en segunda convocatoria, con el siguiente<\/p>\n\n\n\n<p>Orden del d\u00eda:<\/p>\n\n\n\n<p>Primero- Aprobaci\u00f3n de las cuentas anuales del ejercicio 2021, cerrado el 31 de diciembre.<\/p>\n\n\n\n<p>Segundo- Aprobaci\u00f3n de la distribuci\u00f3n de resultados del ejercicio 2021, cerrado el 31 de diciembre.<\/p>\n\n\n\n<p>Tercero- Establecimiento de la remuneraci\u00f3n de los miembros del Consejo de Administraci\u00f3n para 2022.<\/p>\n\n\n\n<p>Cuarto- Ruegos y preguntas.<\/p>\n\n\n\n<p>Se hace constar que a partir de esta fecha, cualquier accionista podr\u00e1 examinar en el domicilio social o solicitar la entrega o env\u00edo gratuito e inmediato de la totalidad de los documentos sometidos a la aprobaci\u00f3n de la junta. Tegueste a\u00a011 de mayo de 2022. El Secretario del Consejo. Francisco Javier Mart\u00ednez Garc\u00eda.<\/p>\n","protected":false},"excerpt":{"rendered":"<p>INFORM\u00c1TICA Y EQUIPAMIENTO M\u00c9DICO DE CANARIAS, SA CONVOCATORIA JUNTA GENERAL ORDINARIA El pr\u00f3ximo d\u00eda 26 de junio de 2022, a las nueve horas tendr\u00e1 lugar en el domicilio social, calle los pobres, 85. 38280. Tegueste. La Junta General de accionistas en primera convocatoria y el d\u00eda 27 de junio a la misma hora en segunda [&hellip;]<\/p>\n","protected":false},"author":2,"featured_media":0,"parent":0,"menu_order":0,"comment_status":"closed","ping_status":"closed","template":"","meta":{"footnotes":""},"class_list":["post-251","page","type-page","status-publish","hentry"],"_links":{"self":[{"href":"http:\/\/www.informedica.es\/index.php\/wp-json\/wp\/v2\/pages\/251","targetHints":{"allow":["GET"]}}],"collection":[{"href":"http:\/\/www.informedica.es\/index.php\/wp-json\/wp\/v2\/pages"}],"about":[{"href":"http:\/\/www.informedica.es\/index.php\/wp-json\/wp\/v2\/types\/page"}],"author":[{"embeddable":true,"href":"http:\/\/www.informedica.es\/index.php\/wp-json\/wp\/v2\/users\/2"}],"replies":[{"embeddable":true,"href":"http:\/\/www.informedica.es\/index.php\/wp-json\/wp\/v2\/comments?post=251"}],"version-history":[{"count":1,"href":"http:\/\/www.informedica.es\/index.php\/wp-json\/wp\/v2\/pages\/251\/revisions"}],"predecessor-version":[{"id":252,"href":"http:\/\/www.informedica.es\/index.php\/wp-json\/wp\/v2\/pages\/251\/revisions\/252"}],"wp:attachment":[{"href":"http:\/\/www.informedica.es\/index.php\/wp-json\/wp\/v2\/media?parent=251"}],"curies":[{"name":"wp","href":"https:\/\/api.w.org\/{rel}","templated":true}]}}