{"id":150,"date":"2020-11-17T10:34:17","date_gmt":"2020-11-17T10:34:17","guid":{"rendered":"http:\/\/www.informedica.es\/?page_id=150"},"modified":"2020-11-23T18:54:02","modified_gmt":"2020-11-23T18:54:02","slug":"proyectos-idi","status":"publish","type":"page","link":"http:\/\/www.informedica.es\/index.php\/proyectos-idi\/","title":{"rendered":"Proyectos I+D+i"},"content":{"rendered":"\n<h1 class=\"wp-block-heading\">Proyectos I+D+i<\/h1>\n\n\n\n<p><strong>Nuestra Estrategia:<\/strong>\u00a0Conscientes de la importancia que desempe\u00f1a la investigaci\u00f3n,\u00a0\u00a0desarrollo e innovaci\u00f3n en nuestra competitividad, desde el a\u00f1o 2007\u00a0<a href=\"http:\/\/www.informedica.es\/\">Informedica<\/a>\u00a0viene realizando actividades de I+D centrando su estrategia en dos pilares fundamentales:\u00a0<\/p>\n\n\n\n<p><strong>Portafolio de proyectos I+D&nbsp;<\/strong>que posean una alto grado de diferenciaci\u00f3n para lograr productos y servicios con alto valor a\u00f1adido.&nbsp;<\/p>\n\n\n\n<p><strong>Capital humano<\/strong>&nbsp;capaz de aprovechar las fuentes de conocimiento y tecnolog\u00eda a su disposici\u00f3n para crear productos y servicios novedosos que tengan aceptaci\u00f3n en el mercado global.<\/p>\n\n\n\n<h1 class=\"has-blue-color has-text-color wp-block-heading\"><strong>Proyecto Telederma<\/strong><\/h1>\n\n\n\n<p>Este proyecto, iniciado en Noviembre de 2016 y finalizado en Marzo de 2020, se ha realizado en cooperaci\u00f3n con el Complejo Hospitalario Universitario de Canarias, IMETISA, Gerencia de Atenci\u00f3n Primaria de Tenerife, Centro de Salud de San Benito, Centro de Salud de Icod de Los Vinos e Inform\u00e1tica y Equipamiento M\u00e9dico de Canarias S.A. El proyecto ha sido provisto de dos Consultas de Telederma\u00a0 habilitadas en los centros de Salud y equipadas con una c\u00e1mara digital y dermatoscopio. En la Figura se muestra el flujo de trabajo entre Atenci\u00f3n Primaria (AP) y Atenci\u00f3n Especializada (AE). A continuaci\u00f3n, se describe brevemente el procedimiento:<\/p>\n\n\n\n<ol class=\"wp-block-list\"><li>Desde AP, se realiza la interconsulta dermatol\u00f3gica (DRAGO AP) y mediante una agenda monogr\u00e1fica de enfermer\u00eda,se cita al paciente para que la enfermera realice tanto de la imagen cl\u00ednica como de la imagen dermatosc\u00f3pica.<\/li><li>La imagen cl\u00ednica y dermatosc\u00f3pica es registrada por la enfermera de AP en el aplicativo web DIO-DOXDS\u00a9.DIO-DOXDS\u00a9, que es una pasarela neutral<br>capaz de encapsular cualquier tipo de documento, datos y observaciones<br>adicionales y registrarlo en el historial electr\u00f3nico del paciente con la finalidad de facilitar la interacci\u00f3n entre los actores de servicios sanitarios ayudando a eliminar as\u00ed las barreras geogr\u00e1ficas y promoviendo modelos de cooperaci\u00f3n.<\/li><li>El servicio de Dermatolog\u00eda accede a la interconsulta mediante su sistema inform\u00e1tico, valora e informa las im\u00e1genes a trav\u00e9s del aplicativo DIO-DOXDS\u00a9 y emite un informe de respuesta con orientaci\u00f3n diagn\u00f3stica y recomendaciones de tratamiento.<\/li><\/ol>\n\n\n\n<figure class=\"wp-block-image\"><img loading=\"lazy\" decoding=\"async\" width=\"1024\" height=\"556\" src=\"http:\/\/www.informedica.es\/wp-content\/uploads\/2020\/11\/teledermaresults-1024x556.jpg\" alt=\"\" class=\"wp-image-211\" srcset=\"http:\/\/www.informedica.es\/wp-content\/uploads\/2020\/11\/teledermaresults-1024x556.jpg 1024w, http:\/\/www.informedica.es\/wp-content\/uploads\/2020\/11\/teledermaresults-300x163.jpg 300w, http:\/\/www.informedica.es\/wp-content\/uploads\/2020\/11\/teledermaresults-768x417.jpg 768w, http:\/\/www.informedica.es\/wp-content\/uploads\/2020\/11\/teledermaresults-600x326.jpg 600w, http:\/\/www.informedica.es\/wp-content\/uploads\/2020\/11\/teledermaresults-280x152.jpg 280w, http:\/\/www.informedica.es\/wp-content\/uploads\/2020\/11\/teledermaresults-500x272.jpg 500w, http:\/\/www.informedica.es\/wp-content\/uploads\/2020\/11\/teledermaresults.jpg 1313w\" sizes=\"auto, (max-width: 1024px) 100vw, 1024px\" \/><\/figure>\n\n\n\n<p><strong>Publicaci\u00f3n<\/strong>: Los resultados de este proyecto se han publicado en formato poster en el<strong>\u00a0I ENCUENTRO VIRTUAL DE LA ASOCIACI\u00d3N ESPA\u00d1OLA DE ENFERMER\u00cdA EN INNOVACI\u00d3N E INVESTIGACI\u00d3N<\/strong>, recibiendo el primer premio.<\/p>\n\n\n\n<p><\/p>\n\n\n\n<p><a href=\"http:\/\/www.informedica.es\/wp-content\/uploads\/2020\/11\/poster-fotoderma-2020.pdf\">poster-fotoderma-2020<\/a><\/p>\n","protected":false},"excerpt":{"rendered":"<p>Proyectos I+D+i Nuestra Estrategia:\u00a0Conscientes de la importancia que desempe\u00f1a la investigaci\u00f3n,\u00a0\u00a0desarrollo e innovaci\u00f3n en nuestra competitividad, desde el a\u00f1o 2007\u00a0Informedica\u00a0viene realizando actividades de I+D centrando su estrategia en dos pilares fundamentales:\u00a0 Portafolio de proyectos I+D&nbsp;que posean una alto grado de diferenciaci\u00f3n para lograr productos y servicios con alto valor a\u00f1adido.&nbsp; Capital humano&nbsp;capaz de aprovechar las [&hellip;]<\/p>\n","protected":false},"author":2,"featured_media":0,"parent":0,"menu_order":0,"comment_status":"closed","ping_status":"closed","template":"","meta":{"footnotes":""},"class_list":["post-150","page","type-page","status-publish","hentry"],"_links":{"self":[{"href":"http:\/\/www.informedica.es\/index.php\/wp-json\/wp\/v2\/pages\/150","targetHints":{"allow":["GET"]}}],"collection":[{"href":"http:\/\/www.informedica.es\/index.php\/wp-json\/wp\/v2\/pages"}],"about":[{"href":"http:\/\/www.informedica.es\/index.php\/wp-json\/wp\/v2\/types\/page"}],"author":[{"embeddable":true,"href":"http:\/\/www.informedica.es\/index.php\/wp-json\/wp\/v2\/users\/2"}],"replies":[{"embeddable":true,"href":"http:\/\/www.informedica.es\/index.php\/wp-json\/wp\/v2\/comments?post=150"}],"version-history":[{"count":4,"href":"http:\/\/www.informedica.es\/index.php\/wp-json\/wp\/v2\/pages\/150\/revisions"}],"predecessor-version":[{"id":233,"href":"http:\/\/www.informedica.es\/index.php\/wp-json\/wp\/v2\/pages\/150\/revisions\/233"}],"wp:attachment":[{"href":"http:\/\/www.informedica.es\/index.php\/wp-json\/wp\/v2\/media?parent=150"}],"curies":[{"name":"wp","href":"https:\/\/api.w.org\/{rel}","templated":true}]}}